{"id":115,"date":"2025-06-24T15:22:44","date_gmt":"2025-06-24T13:22:44","guid":{"rendered":"https:\/\/dev.fomedia.io\/produktqualifizierung\/?page_id=115"},"modified":"2026-02-10T13:05:38","modified_gmt":"2026-02-10T12:05:38","slug":"product-qualification","status":"publish","type":"page","link":"https:\/\/produktqualifizierung.de\/en\/produktqualifizierung\/","title":{"rendered":"Product qualification"},"content":{"rendered":"<div data-elementor-type=\"wp-page\" data-elementor-id=\"115\" class=\"elementor elementor-115\" data-elementor-post-type=\"page\">\n\t\t\t\t<div class=\"elementor-element elementor-element-482cbd9 e-flex e-con-boxed e-con e-parent\" data-id=\"482cbd9\" data-element_type=\"container\" data-e-type=\"container\">\n\t\t\t\t\t<div class=\"e-con-inner\">\n\t\t<div class=\"elementor-element elementor-element-ee82757 e-con-full section-1 e-flex e-con e-child\" data-id=\"ee82757\" data-element_type=\"container\" data-e-type=\"container\">\n\t\t\t\t<div class=\"elementor-element elementor-element-8b633df elementor-widget elementor-widget-text-editor\" data-id=\"8b633df\" data-element_type=\"widget\" data-e-type=\"widget\" data-widget_type=\"text-editor.default\">\n\t\t\t\t<div class=\"elementor-widget-container\">\n\t\t\t\t\t\t\t\t\t<p>To ensure the safety and functionality of your product at the intended place of use, we carry out specified type tests and analyses in accordance with your requirements, taking into account national and international standards. We take over your product and go through the complete qualification sequence without any additional effort on your part.<\/p>\t\t\t\t\t\t\t\t<\/div>\n\t\t\t\t<\/div>\n\t\t\t\t<\/div>\n\t\t<div class=\"elementor-element elementor-element-6a1affc e-con-full section-1 blue e-flex e-con e-child\" data-id=\"6a1affc\" data-element_type=\"container\" data-e-type=\"container\">\n\t\t\t\t<div class=\"elementor-element elementor-element-2037f19 elementor-widget elementor-widget-text-editor\" data-id=\"2037f19\" data-element_type=\"widget\" data-e-type=\"widget\" data-widget_type=\"text-editor.default\">\n\t\t\t\t<div class=\"elementor-widget-container\">\n\t\t\t\t\t\t\t\t\t<h2>Our product qualification services<\/h2><ul><li>Proof of the suitability of components and systems of electrical and control technology in specific safety-related applications<\/li><li>Type tests and extended type tests based on industry-specific regulations (IEC, IEEE, CST, RCC, KTA, YVL, UL, EN, DIN, ISO, MIL-STD, DEF-STAN, NUREG, DNVGL, BV standards, etc.)<\/li><li>Determining the qualification requirements, deriving the overarching qualification programme and the complete qualification strategy<\/li><li>Creation of test specifications and test plans<br \/>Documentation and test evaluation, suitability check<\/li><li>Analysis of existing qualifications or partial qualifications<\/li><\/ul>\t\t\t\t\t\t\t\t<\/div>\n\t\t\t\t<\/div>\n\t\t\t\t<\/div>\n\t\t<div class=\"elementor-element elementor-element-6e5cb1b e-con-full section-1 grey e-flex e-con e-child\" data-id=\"6e5cb1b\" data-element_type=\"container\" data-e-type=\"container\">\n\t\t\t\t<div class=\"elementor-element elementor-element-a19f1eb elementor-widget elementor-widget-text-editor\" data-id=\"a19f1eb\" data-element_type=\"widget\" data-e-type=\"widget\" data-widget_type=\"text-editor.default\">\n\t\t\t\t<div class=\"elementor-widget-container\">\n\t\t\t\t\t\t\t\t\t<h2>Examples for tests for the product qualification<\/h2><ul><li>Environmental tests such as vibration, climate, earthquakes, electromagnetic influences (EMC), radiation<\/li><li>Accidental conditions<\/li><li>Electrical tests on sensors, drives, cables, plugs, distributors, switchgear and electronic cabinets<\/li><li>Performing of nuclear type tests<\/li><li>Single component tests<\/li><\/ul>\t\t\t\t\t\t\t\t<\/div>\n\t\t\t\t<\/div>\n\t\t\t\t<\/div>\n\t\t\t\t\t<\/div>\n\t\t\t\t<\/div>\n\t\t\t\t<\/div>","protected":false},"excerpt":{"rendered":"<p>Um die Sicherheit und Funktionalit\u00e4t Ihres Produktes am vorgesehenen Einsatzort zu gew\u00e4hrleisten, f\u00fchren wir gem\u00e4\u00df Ihrer Anforderungen spezifizierte Typpr\u00fcfungen und Analysen unter Betrachtung nationaler und internationaler Normen durch. Wir \u00fcbernehmen Ihr Produkt und gehen durch die komplette Qualifizierungssequenz ohne zus\u00e4tzlichen Aufwand f\u00fcr Sie. Unsere Leistungen der Produktqualifizierung Nachweis der Eignung von Komponenten und Systemen der [&hellip;]<\/p>\n","protected":false},"author":1,"featured_media":0,"parent":0,"menu_order":0,"comment_status":"closed","ping_status":"closed","template":"","meta":{"footnotes":""},"class_list":["post-115","page","type-page","status-publish","hentry"],"aioseo_notices":[],"_links":{"self":[{"href":"https:\/\/produktqualifizierung.de\/en\/wp-json\/wp\/v2\/pages\/115","targetHints":{"allow":["GET"]}}],"collection":[{"href":"https:\/\/produktqualifizierung.de\/en\/wp-json\/wp\/v2\/pages"}],"about":[{"href":"https:\/\/produktqualifizierung.de\/en\/wp-json\/wp\/v2\/types\/page"}],"author":[{"embeddable":true,"href":"https:\/\/produktqualifizierung.de\/en\/wp-json\/wp\/v2\/users\/1"}],"replies":[{"embeddable":true,"href":"https:\/\/produktqualifizierung.de\/en\/wp-json\/wp\/v2\/comments?post=115"}],"version-history":[{"count":20,"href":"https:\/\/produktqualifizierung.de\/en\/wp-json\/wp\/v2\/pages\/115\/revisions"}],"predecessor-version":[{"id":405,"href":"https:\/\/produktqualifizierung.de\/en\/wp-json\/wp\/v2\/pages\/115\/revisions\/405"}],"wp:attachment":[{"href":"https:\/\/produktqualifizierung.de\/en\/wp-json\/wp\/v2\/media?parent=115"}],"curies":[{"name":"wp","href":"https:\/\/api.w.org\/{rel}","templated":true}]}}