{"id":146,"date":"2025-06-24T15:56:59","date_gmt":"2025-06-24T13:56:59","guid":{"rendered":"https:\/\/dev.fomedia.io\/produktqualifizierung\/?page_id=146"},"modified":"2026-02-10T13:07:19","modified_gmt":"2026-02-10T12:07:19","slug":"quality-management","status":"publish","type":"page","link":"https:\/\/produktqualifizierung.de\/en\/qualitaetsmanagement\/","title":{"rendered":"Quality management"},"content":{"rendered":"<div data-elementor-type=\"wp-page\" data-elementor-id=\"146\" class=\"elementor elementor-146\" data-elementor-post-type=\"page\">\n\t\t\t\t<div class=\"elementor-element elementor-element-69bcf87d e-flex e-con-boxed e-con e-parent\" data-id=\"69bcf87d\" data-element_type=\"container\" data-e-type=\"container\">\n\t\t\t\t\t<div class=\"e-con-inner\">\n\t\t<div class=\"elementor-element elementor-element-1c9dfbfb e-con-full section-1 e-flex e-con e-child\" data-id=\"1c9dfbfb\" data-element_type=\"container\" data-e-type=\"container\">\n\t\t\t\t<div class=\"elementor-element elementor-element-10a9968f elementor-widget elementor-widget-text-editor\" data-id=\"10a9968f\" data-element_type=\"widget\" data-e-type=\"widget\" data-widget_type=\"text-editor.default\">\n\t\t\t\t<div class=\"elementor-widget-container\">\n\t\t\t\t\t\t\t\t\t<p>Defining and ensuring the quality characteristics of services and products as well as the targeted fulfilment of all customer requirements are the result of detailed planning, implementation, monitoring and control. We are happy to accompany and support you in this process.<\/p>\t\t\t\t\t\t\t\t<\/div>\n\t\t\t\t<\/div>\n\t\t\t\t<\/div>\n\t\t<div class=\"elementor-element elementor-element-5fef6dd e-con-full section-1 blue e-flex e-con e-child\" data-id=\"5fef6dd\" data-element_type=\"container\" data-e-type=\"container\">\n\t\t\t\t<div class=\"elementor-element elementor-element-e571c9f elementor-widget elementor-widget-text-editor\" data-id=\"e571c9f\" data-element_type=\"widget\" data-e-type=\"widget\" data-widget_type=\"text-editor.default\">\n\t\t\t\t<div class=\"elementor-widget-container\">\n\t\t\t\t\t\t\t\t\t<h2>Our quality management services<\/h2><ul><li>Advice on setting up, introducing and maintaining your quality management system<\/li><li>Auditing and supplier auditing<\/li><li>Supplier categorisation<\/li><li>Quality planning, inspection planning<\/li><li>Development of quality indicators<\/li><li>Error documentation<\/li><li>Supervision of change procedures, non-conformance processes, damage rectification, etc.<\/li><\/ul>\t\t\t\t\t\t\t\t<\/div>\n\t\t\t\t<\/div>\n\t\t\t\t<\/div>\n\t\t<div class=\"elementor-element elementor-element-42bb1ab e-con-full section-1 grey e-flex e-con e-child\" data-id=\"42bb1ab\" data-element_type=\"container\" data-e-type=\"container\">\n\t\t\t\t<div class=\"elementor-element elementor-element-1d234b4 elementor-widget elementor-widget-text-editor\" data-id=\"1d234b4\" data-element_type=\"widget\" data-e-type=\"widget\" data-widget_type=\"text-editor.default\">\n\t\t\t\t<div class=\"elementor-widget-container\">\n\t\t\t\t\t\t\t\t\t<h2>Our manufacturing monitoring and inspection services<\/h2><ul><li>Quality checks according to the inspection sequence planning<\/li><li>Management of\/or participation during inspections and acceptance tests<\/li><li>Support in compiling the production documents for the manufacturer's documentation<\/li><li>Creation of inspection certificates<\/li><li>Advice on carrying out the equipment inspection<\/li><li>Creating, checking and maintaining specific manufacturing documents<\/li><li>Carrying out manufacturing inspections<\/li><\/ul>\t\t\t\t\t\t\t\t<\/div>\n\t\t\t\t<\/div>\n\t\t\t\t<\/div>\n\t\t\t\t\t<\/div>\n\t\t\t\t<\/div>\n\t\t\t\t<\/div>","protected":false},"excerpt":{"rendered":"<p>Definition und Sicherung der Qualit\u00e4tsmerkmale von Leistungen und Produkten sowie die gezielte Erf\u00fcllung aller Kundenanforderungen sind das Ergebnis detaillierter Planung, Umsetzung, \u00dcberwachung und Steuerung. Dabei\u00a0begleiten und unterst\u00fctzen wir Sie gerne. Unsere Leistungen im Qualit\u00e4tsmanagement Beratung bei Aufbau, Einf\u00fchrung und Pflege Ihres Qualit\u00e4tsmanagementsystems Auditierung und Lieferantenauditierung Lieferanteneinstufung Qualit\u00e4tsplanung, Pr\u00fcfplanung Aufbau von Qualit\u00e4tskennzahlen Fehlerdokumentation Betreuung von \u00c4nderungsverfahren, [&hellip;]<\/p>\n","protected":false},"author":1,"featured_media":0,"parent":0,"menu_order":0,"comment_status":"closed","ping_status":"closed","template":"","meta":{"footnotes":""},"class_list":["post-146","page","type-page","status-publish","hentry"],"aioseo_notices":[],"_links":{"self":[{"href":"https:\/\/produktqualifizierung.de\/en\/wp-json\/wp\/v2\/pages\/146","targetHints":{"allow":["GET"]}}],"collection":[{"href":"https:\/\/produktqualifizierung.de\/en\/wp-json\/wp\/v2\/pages"}],"about":[{"href":"https:\/\/produktqualifizierung.de\/en\/wp-json\/wp\/v2\/types\/page"}],"author":[{"embeddable":true,"href":"https:\/\/produktqualifizierung.de\/en\/wp-json\/wp\/v2\/users\/1"}],"replies":[{"embeddable":true,"href":"https:\/\/produktqualifizierung.de\/en\/wp-json\/wp\/v2\/comments?post=146"}],"version-history":[{"count":11,"href":"https:\/\/produktqualifizierung.de\/en\/wp-json\/wp\/v2\/pages\/146\/revisions"}],"predecessor-version":[{"id":408,"href":"https:\/\/produktqualifizierung.de\/en\/wp-json\/wp\/v2\/pages\/146\/revisions\/408"}],"wp:attachment":[{"href":"https:\/\/produktqualifizierung.de\/en\/wp-json\/wp\/v2\/media?parent=146"}],"curies":[{"name":"wp","href":"https:\/\/api.w.org\/{rel}","templated":true}]}}