{"id":160,"date":"2025-06-24T16:05:44","date_gmt":"2025-06-24T14:05:44","guid":{"rendered":"https:\/\/dev.fomedia.io\/produktqualifizierung\/?page_id=160"},"modified":"2026-02-10T13:10:26","modified_gmt":"2026-02-10T12:10:26","slug":"ce-conformity","status":"publish","type":"page","link":"https:\/\/produktqualifizierung.de\/en\/ce-konformitaet\/","title":{"rendered":"CE conformity"},"content":{"rendered":"<div data-elementor-type=\"wp-page\" data-elementor-id=\"160\" class=\"elementor elementor-160\" data-elementor-post-type=\"page\">\n\t\t\t\t<div class=\"elementor-element elementor-element-644c5832 e-flex e-con-boxed e-con e-parent\" data-id=\"644c5832\" data-element_type=\"container\" data-e-type=\"container\">\n\t\t\t\t\t<div class=\"e-con-inner\">\n\t\t<div class=\"elementor-element elementor-element-5552d696 e-con-full section-1 e-flex e-con e-child\" data-id=\"5552d696\" data-element_type=\"container\" data-e-type=\"container\">\n\t\t\t\t<div class=\"elementor-element elementor-element-18711c20 elementor-widget elementor-widget-text-editor\" data-id=\"18711c20\" data-element_type=\"widget\" data-e-type=\"widget\" data-widget_type=\"text-editor.default\">\n\t\t\t\t<div class=\"elementor-widget-container\">\n\t\t\t\t\t\t\t\t\t<p>We offer you the opportunity to protect your products, devices and technical documentation by checking them against the requirements of the relevant standards and guide you through the approval process.<\/p>\t\t\t\t\t\t\t\t<\/div>\n\t\t\t\t<\/div>\n\t\t\t\t<\/div>\n\t\t<div class=\"elementor-element elementor-element-b2462ef e-con-full section-1 blue e-flex e-con e-child\" data-id=\"b2462ef\" data-element_type=\"container\" data-e-type=\"container\">\n\t\t\t\t<div class=\"elementor-element elementor-element-9e63fa3 elementor-widget elementor-widget-text-editor\" data-id=\"9e63fa3\" data-element_type=\"widget\" data-e-type=\"widget\" data-widget_type=\"text-editor.default\">\n\t\t\t\t<div class=\"elementor-widget-container\">\n\t\t\t\t\t\t\t\t\t<h2>Ensure CE conformity<\/h2><ul><li>Standards research and analysis<\/li><li>Advice on the applicable guidelines<\/li><li>Documentation review and customisation<\/li><li>Risk assessment and risk evaluation<\/li><li>Use of software tools and creation of checklists for a systematic and safe procedure<\/li><\/ul>\t\t\t\t\t\t\t\t<\/div>\n\t\t\t\t<\/div>\n\t\t\t\t<\/div>\n\t\t\t\t\t<\/div>\n\t\t\t\t<\/div>\n\t\t\t\t<\/div>","protected":false},"excerpt":{"rendered":"<p>Wir bieten Ihnen die M\u00f6glichkeit, Ihre Produkte, Ger\u00e4te und Ihre technische Dokumentation mit der \u00dcberpr\u00fcfung gegen die Anforderungen entsprechender Normen zu sch\u00fctzen und begleiten Sie durch den Zulassungsprozess. CE-Konformit\u00e4t absichern Normenrecherche und -analyse Beratung der anzuwendenden Richtlinien Dokumentations\u00fcberpr\u00fcfung und -anpassung Risikobewertung und Risikobeurteilung Nutzung von Softwaretools und Erstellung von Checklisten f\u00fcr ein systematisches und sicheres [&hellip;]<\/p>\n","protected":false},"author":1,"featured_media":0,"parent":0,"menu_order":0,"comment_status":"closed","ping_status":"closed","template":"","meta":{"footnotes":""},"class_list":["post-160","page","type-page","status-publish","hentry"],"aioseo_notices":[],"_links":{"self":[{"href":"https:\/\/produktqualifizierung.de\/en\/wp-json\/wp\/v2\/pages\/160","targetHints":{"allow":["GET"]}}],"collection":[{"href":"https:\/\/produktqualifizierung.de\/en\/wp-json\/wp\/v2\/pages"}],"about":[{"href":"https:\/\/produktqualifizierung.de\/en\/wp-json\/wp\/v2\/types\/page"}],"author":[{"embeddable":true,"href":"https:\/\/produktqualifizierung.de\/en\/wp-json\/wp\/v2\/users\/1"}],"replies":[{"embeddable":true,"href":"https:\/\/produktqualifizierung.de\/en\/wp-json\/wp\/v2\/comments?post=160"}],"version-history":[{"count":10,"href":"https:\/\/produktqualifizierung.de\/en\/wp-json\/wp\/v2\/pages\/160\/revisions"}],"predecessor-version":[{"id":411,"href":"https:\/\/produktqualifizierung.de\/en\/wp-json\/wp\/v2\/pages\/160\/revisions\/411"}],"wp:attachment":[{"href":"https:\/\/produktqualifizierung.de\/en\/wp-json\/wp\/v2\/media?parent=160"}],"curies":[{"name":"wp","href":"https:\/\/api.w.org\/{rel}","templated":true}]}}