{"id":169,"date":"2025-06-24T16:11:16","date_gmt":"2025-06-24T14:11:16","guid":{"rendered":"https:\/\/dev.fomedia.io\/produktqualifizierung\/?page_id=169"},"modified":"2026-02-10T13:12:13","modified_gmt":"2026-02-10T12:12:13","slug":"company","status":"publish","type":"page","link":"https:\/\/produktqualifizierung.de\/en\/unternehmen\/","title":{"rendered":"The company"},"content":{"rendered":"<div data-elementor-type=\"wp-page\" data-elementor-id=\"169\" class=\"elementor elementor-169\" data-elementor-post-type=\"page\">\n\t\t\t\t<div class=\"elementor-element elementor-element-74edd189 e-flex e-con-boxed e-con e-parent\" data-id=\"74edd189\" data-element_type=\"container\" data-e-type=\"container\">\n\t\t\t\t\t<div class=\"e-con-inner\">\n\t\t<div class=\"elementor-element elementor-element-8352fd9 e-con-full section-1 e-flex e-con e-child\" data-id=\"8352fd9\" data-element_type=\"container\" data-e-type=\"container\">\n\t\t\t\t<div class=\"elementor-element elementor-element-67ac100a elementor-widget elementor-widget-text-editor\" data-id=\"67ac100a\" data-element_type=\"widget\" data-e-type=\"widget\" data-widget_type=\"text-editor.default\">\n\t\t\t\t<div class=\"elementor-widget-container\">\n\t\t\t\t\t\t\t\t\t<p>Our employees have many years of experience in planning and implementing a wide range of qualification projects, e.g. in the nuclear and marine sectors. Combined with knowledge of the various standards and quality norms as well as the increased requirements of a wide range of industries, you can place your products and documentation in safe hands. Our qualifications guarantee the most up-to-date knowledge of standards, and regular training courses guarantee the high quality of our services.<\/p><p>We work together with renowned DAkkS-accredited test laboratories to carry out the practical qualification sequences. This ensures our customers that the tests are carried out by experienced test personnel using only the latest testing and simulation technology in accordance with the relevant standards. Close contacts also enable a high degree of flexibility when it comes to scheduling. It goes without saying that your customer requirements are also taken into account here.<\/p>\t\t\t\t\t\t\t\t<\/div>\n\t\t\t\t<\/div>\n\t\t\t\t<\/div>\n\t\t<div class=\"elementor-element elementor-element-b24964a e-con-full section-1 grey e-flex e-con e-child\" data-id=\"b24964a\" data-element_type=\"container\" data-e-type=\"container\">\n\t\t\t\t<div class=\"elementor-element elementor-element-b6c6869 elementor-widget elementor-widget-text-editor\" data-id=\"b6c6869\" data-element_type=\"widget\" data-e-type=\"widget\" data-widget_type=\"text-editor.default\">\n\t\t\t\t<div class=\"elementor-widget-container\">\n\t\t\t\t\t\t\t\t\t<h2>Guaranteed quality<\/h2><p>We not only guarantee you high quality, but have also committed ourselves to aligning our company structure and documentation with the requirements of the latest quality standard DIN EN ISO 9001:2015.<\/p>\t\t\t\t\t\t\t\t<\/div>\n\t\t\t\t<\/div>\n\t\t\t\t<\/div>\n\t\t\t\t\t<\/div>\n\t\t\t\t<\/div>\n\t\t\t\t<\/div>","protected":false},"excerpt":{"rendered":"<p>Unsere Mitarbeiter bringen langj\u00e4hrige Erfahrung bei der Planung und Durchf\u00fchrung unterschiedlichster Qualifizierungsprojekte z.B. aus der Nukleartechnik und Marine mit. Verkn\u00fcpft mit den Kenntnissen der verschiedenen Standards und Qualit\u00e4tsnormen sowie der erh\u00f6hten Anforderungen unterschiedlichster Branchen, geben Sie Ihre Produkte und Dokumentationen in sichere H\u00e4nde. Unsere Qualifikationen gew\u00e4hrleisten aktuellste Normenkenntnisse, regelm\u00e4\u00dfige Schulungen garantieren die hohe Leistungsqualit\u00e4t. Bei [&hellip;]<\/p>\n","protected":false},"author":1,"featured_media":254,"parent":0,"menu_order":0,"comment_status":"closed","ping_status":"closed","template":"","meta":{"footnotes":""},"class_list":["post-169","page","type-page","status-publish","has-post-thumbnail","hentry"],"aioseo_notices":[],"_links":{"self":[{"href":"https:\/\/produktqualifizierung.de\/en\/wp-json\/wp\/v2\/pages\/169","targetHints":{"allow":["GET"]}}],"collection":[{"href":"https:\/\/produktqualifizierung.de\/en\/wp-json\/wp\/v2\/pages"}],"about":[{"href":"https:\/\/produktqualifizierung.de\/en\/wp-json\/wp\/v2\/types\/page"}],"author":[{"embeddable":true,"href":"https:\/\/produktqualifizierung.de\/en\/wp-json\/wp\/v2\/users\/1"}],"replies":[{"embeddable":true,"href":"https:\/\/produktqualifizierung.de\/en\/wp-json\/wp\/v2\/comments?post=169"}],"version-history":[{"count":10,"href":"https:\/\/produktqualifizierung.de\/en\/wp-json\/wp\/v2\/pages\/169\/revisions"}],"predecessor-version":[{"id":337,"href":"https:\/\/produktqualifizierung.de\/en\/wp-json\/wp\/v2\/pages\/169\/revisions\/337"}],"wp:featuredmedia":[{"embeddable":true,"href":"https:\/\/produktqualifizierung.de\/en\/wp-json\/wp\/v2\/media\/254"}],"wp:attachment":[{"href":"https:\/\/produktqualifizierung.de\/en\/wp-json\/wp\/v2\/media?parent=169"}],"curies":[{"name":"wp","href":"https:\/\/api.w.org\/{rel}","templated":true}]}}