{"id":115,"date":"2025-06-24T15:22:44","date_gmt":"2025-06-24T13:22:44","guid":{"rendered":"https:\/\/dev.fomedia.io\/produktqualifizierung\/?page_id=115"},"modified":"2026-02-10T13:05:38","modified_gmt":"2026-02-10T12:05:38","slug":"qualification-des-produits","status":"publish","type":"page","link":"https:\/\/produktqualifizierung.de\/fr\/produktqualifizierung\/","title":{"rendered":"Qualification des produits"},"content":{"rendered":"<div data-elementor-type=\"wp-page\" data-elementor-id=\"115\" class=\"elementor elementor-115\" data-elementor-post-type=\"page\">\n\t\t\t\t<div class=\"elementor-element elementor-element-482cbd9 e-flex e-con-boxed e-con e-parent\" data-id=\"482cbd9\" data-element_type=\"container\" data-e-type=\"container\">\n\t\t\t\t\t<div class=\"e-con-inner\">\n\t\t<div class=\"elementor-element elementor-element-ee82757 e-con-full section-1 e-flex e-con e-child\" data-id=\"ee82757\" data-element_type=\"container\" data-e-type=\"container\">\n\t\t\t\t<div class=\"elementor-element elementor-element-8b633df elementor-widget elementor-widget-text-editor\" data-id=\"8b633df\" data-element_type=\"widget\" data-e-type=\"widget\" data-widget_type=\"text-editor.default\">\n\t\t\t\t<div class=\"elementor-widget-container\">\n\t\t\t\t\t\t\t\t\t<p>Afin de garantir la s\u00e9curit\u00e9 et la fonctionnalit\u00e9 de votre produit sur le lieu d'utilisation pr\u00e9vu, nous effectuons des essais de type et des analyses sp\u00e9cifi\u00e9s selon vos exigences, en tenant compte des normes nationales et internationales. Nous prenons en charge votre produit et le soumettons \u00e0 la s\u00e9quence de qualification compl\u00e8te sans effort suppl\u00e9mentaire de votre part.<\/p>\t\t\t\t\t\t\t\t<\/div>\n\t\t\t\t<\/div>\n\t\t\t\t<\/div>\n\t\t<div class=\"elementor-element elementor-element-6a1affc e-con-full section-1 blue e-flex e-con e-child\" data-id=\"6a1affc\" data-element_type=\"container\" data-e-type=\"container\">\n\t\t\t\t<div class=\"elementor-element elementor-element-2037f19 elementor-widget elementor-widget-text-editor\" data-id=\"2037f19\" data-element_type=\"widget\" data-e-type=\"widget\" data-widget_type=\"text-editor.default\">\n\t\t\t\t<div class=\"elementor-widget-container\">\n\t\t\t\t\t\t\t\t\t<h2>Nos services de qualification de produits<\/h2><ul><li>Preuve de l'ad\u00e9quation des composants et des syst\u00e8mes de l'\u00e9lectrotechnique et de la technique de commande dans des applications sp\u00e9cifiques li\u00e9es \u00e0 la s\u00e9curit\u00e9.<\/li><li>Essais de type et essais de type \u00e9tendus sur la base de r\u00e9glementations sectorielles (IEC, IEEE, CST, RCC, KTA, YVL, UL, EN, DIN, ISO, MIL-STD, DEF-STAN, NUREG, DNVGL, normes BV, etc.)<\/li><li>D\u00e9termination des besoins en qualification, d\u00e9rivation du programme de qualification sup\u00e9rieur ainsi que de la strat\u00e9gie de qualification compl\u00e8te<\/li><li>\u00c9laboration de sp\u00e9cifications de test et de plans de test<br \/>Documentation et \u00e9valuation des tests, v\u00e9rification de l'aptitude<\/li><li>Analyse des qualifications existantes ou des qualifications partielles<\/li><\/ul>\t\t\t\t\t\t\t\t<\/div>\n\t\t\t\t<\/div>\n\t\t\t\t<\/div>\n\t\t<div class=\"elementor-element elementor-element-6e5cb1b e-con-full section-1 grey e-flex e-con e-child\" data-id=\"6e5cb1b\" data-element_type=\"container\" data-e-type=\"container\">\n\t\t\t\t<div class=\"elementor-element elementor-element-a19f1eb elementor-widget elementor-widget-text-editor\" data-id=\"a19f1eb\" data-element_type=\"widget\" data-e-type=\"widget\" data-widget_type=\"text-editor.default\">\n\t\t\t\t<div class=\"elementor-widget-container\">\n\t\t\t\t\t\t\t\t\t<h2>Exemples de tests dans le domaine de la qualification des produits<\/h2><ul><li>Influences environnementales comme les vibrations, le climat, les tremblements de terre, les influences \u00e9lectromagn\u00e9tiques (CEM), les rayonnements<\/li><li>Conditions d'incident<\/li><li>Conditions chimiques des capteurs, des entra\u00eenements, des c\u00e2bles, des connecteurs, des r\u00e9partiteurs, des tableaux \u00e9lectriques et des armoires \u00e9lectroniques<\/li><li>R\u00e9alisation d'essais de type nucl\u00e9aires<\/li><li>Contr\u00f4les d'appareils individuels<\/li><\/ul>\t\t\t\t\t\t\t\t<\/div>\n\t\t\t\t<\/div>\n\t\t\t\t<\/div>\n\t\t\t\t\t<\/div>\n\t\t\t\t<\/div>\n\t\t\t\t<\/div>","protected":false},"excerpt":{"rendered":"<p>Um die Sicherheit und Funktionalit\u00e4t Ihres Produktes am vorgesehenen Einsatzort zu gew\u00e4hrleisten, f\u00fchren wir gem\u00e4\u00df Ihrer Anforderungen spezifizierte Typpr\u00fcfungen und Analysen unter Betrachtung nationaler und internationaler Normen durch. Wir \u00fcbernehmen Ihr Produkt und gehen durch die komplette Qualifizierungssequenz ohne zus\u00e4tzlichen Aufwand f\u00fcr Sie. Unsere Leistungen der Produktqualifizierung Nachweis der Eignung von Komponenten und Systemen der [&hellip;]<\/p>\n","protected":false},"author":1,"featured_media":0,"parent":0,"menu_order":0,"comment_status":"closed","ping_status":"closed","template":"","meta":{"footnotes":""},"class_list":["post-115","page","type-page","status-publish","hentry"],"aioseo_notices":[],"_links":{"self":[{"href":"https:\/\/produktqualifizierung.de\/fr\/wp-json\/wp\/v2\/pages\/115","targetHints":{"allow":["GET"]}}],"collection":[{"href":"https:\/\/produktqualifizierung.de\/fr\/wp-json\/wp\/v2\/pages"}],"about":[{"href":"https:\/\/produktqualifizierung.de\/fr\/wp-json\/wp\/v2\/types\/page"}],"author":[{"embeddable":true,"href":"https:\/\/produktqualifizierung.de\/fr\/wp-json\/wp\/v2\/users\/1"}],"replies":[{"embeddable":true,"href":"https:\/\/produktqualifizierung.de\/fr\/wp-json\/wp\/v2\/comments?post=115"}],"version-history":[{"count":20,"href":"https:\/\/produktqualifizierung.de\/fr\/wp-json\/wp\/v2\/pages\/115\/revisions"}],"predecessor-version":[{"id":405,"href":"https:\/\/produktqualifizierung.de\/fr\/wp-json\/wp\/v2\/pages\/115\/revisions\/405"}],"wp:attachment":[{"href":"https:\/\/produktqualifizierung.de\/fr\/wp-json\/wp\/v2\/media?parent=115"}],"curies":[{"name":"wp","href":"https:\/\/api.w.org\/{rel}","templated":true}]}}