{"id":146,"date":"2025-06-24T15:56:59","date_gmt":"2025-06-24T13:56:59","guid":{"rendered":"https:\/\/dev.fomedia.io\/produktqualifizierung\/?page_id=146"},"modified":"2026-02-10T13:07:19","modified_gmt":"2026-02-10T12:07:19","slug":"gestion-de-la-qualite","status":"publish","type":"page","link":"https:\/\/produktqualifizierung.de\/fr\/qualitaetsmanagement\/","title":{"rendered":"Gestion de la qualit\u00e9"},"content":{"rendered":"<div data-elementor-type=\"wp-page\" data-elementor-id=\"146\" class=\"elementor elementor-146\" data-elementor-post-type=\"page\">\n\t\t\t\t<div class=\"elementor-element elementor-element-69bcf87d e-flex e-con-boxed e-con e-parent\" data-id=\"69bcf87d\" data-element_type=\"container\" data-e-type=\"container\">\n\t\t\t\t\t<div class=\"e-con-inner\">\n\t\t<div class=\"elementor-element elementor-element-1c9dfbfb e-con-full section-1 e-flex e-con e-child\" data-id=\"1c9dfbfb\" data-element_type=\"container\" data-e-type=\"container\">\n\t\t\t\t<div class=\"elementor-element elementor-element-10a9968f elementor-widget elementor-widget-text-editor\" data-id=\"10a9968f\" data-element_type=\"widget\" data-e-type=\"widget\" data-widget_type=\"text-editor.default\">\n\t\t\t\t<div class=\"elementor-widget-container\">\n\t\t\t\t\t\t\t\t\t<p>La d\u00e9finition et la garantie des caract\u00e9ristiques de qualit\u00e9 des prestations et des produits ainsi que la satisfaction cibl\u00e9e de toutes les exigences des clients sont le r\u00e9sultat d'une planification, d'une mise en \u0153uvre, d'un suivi et d'un contr\u00f4le d\u00e9taill\u00e9s. Nous vous accompagnons et vous soutenons volontiers dans cette d\u00e9marche.<\/p>\t\t\t\t\t\t\t\t<\/div>\n\t\t\t\t<\/div>\n\t\t\t\t<\/div>\n\t\t<div class=\"elementor-element elementor-element-5fef6dd e-con-full section-1 blue e-flex e-con e-child\" data-id=\"5fef6dd\" data-element_type=\"container\" data-e-type=\"container\">\n\t\t\t\t<div class=\"elementor-element elementor-element-e571c9f elementor-widget elementor-widget-text-editor\" data-id=\"e571c9f\" data-element_type=\"widget\" data-e-type=\"widget\" data-widget_type=\"text-editor.default\">\n\t\t\t\t<div class=\"elementor-widget-container\">\n\t\t\t\t\t\t\t\t\t<h2>Nos prestations en mati\u00e8re de gestion de la qualit\u00e9<\/h2><ul><li>Conseil pour la mise en place, l'introduction et la maintenance de votre syst\u00e8me de gestion de la qualit\u00e9<\/li><li>Audit et audit des fournisseurs<\/li><li>Classification des fournisseurs<\/li><li>Planification de la qualit\u00e9, planification du contr\u00f4le<\/li><li>Mise en place d'indicateurs de qualit\u00e9<\/li><li>Documentation des erreurs<\/li><li>Suivi des proc\u00e9dures de changement, des processus de non-conformit\u00e9, de la r\u00e9paration des dommages, etc.<\/li><\/ul>\t\t\t\t\t\t\t\t<\/div>\n\t\t\t\t<\/div>\n\t\t\t\t<\/div>\n\t\t<div class=\"elementor-element elementor-element-42bb1ab e-con-full section-1 grey e-flex e-con e-child\" data-id=\"42bb1ab\" data-element_type=\"container\" data-e-type=\"container\">\n\t\t\t\t<div class=\"elementor-element elementor-element-1d234b4 elementor-widget elementor-widget-text-editor\" data-id=\"1d234b4\" data-element_type=\"widget\" data-e-type=\"widget\" data-widget_type=\"text-editor.default\">\n\t\t\t\t<div class=\"elementor-widget-container\">\n\t\t\t\t\t\t\t\t\t<h2>Nos services de contr\u00f4le de la production et d'inspection<\/h2><ul><li>Contr\u00f4les de qualit\u00e9 conform\u00e9ment \u00e0 la planification des contr\u00f4les et des s\u00e9quences de contr\u00f4le<\/li><li>Conduite ou participation aux r\u00e9ceptions et aux examens de r\u00e9ception<\/li><li>Aide \u00e0 la constitution des dossiers de fabrication pour la documentation du fabricant<\/li><li>Cr\u00e9ation des certificats de contr\u00f4le d'usine<\/li><li>Conseils pour la r\u00e9alisation du contr\u00f4le des moyens de production<\/li><li>Cr\u00e9ation, contr\u00f4le et mise \u00e0 jour de documents de fabrication sp\u00e9cifiques<\/li><li>R\u00e9alisation d'inspections de fabrication<\/li><\/ul>\t\t\t\t\t\t\t\t<\/div>\n\t\t\t\t<\/div>\n\t\t\t\t<\/div>\n\t\t\t\t\t<\/div>\n\t\t\t\t<\/div>\n\t\t\t\t<\/div>","protected":false},"excerpt":{"rendered":"<p>Definition und Sicherung der Qualit\u00e4tsmerkmale von Leistungen und Produkten sowie die gezielte Erf\u00fcllung aller Kundenanforderungen sind das Ergebnis detaillierter Planung, Umsetzung, \u00dcberwachung und Steuerung. Dabei\u00a0begleiten und unterst\u00fctzen wir Sie gerne. Unsere Leistungen im Qualit\u00e4tsmanagement Beratung bei Aufbau, Einf\u00fchrung und Pflege Ihres Qualit\u00e4tsmanagementsystems Auditierung und Lieferantenauditierung Lieferanteneinstufung Qualit\u00e4tsplanung, Pr\u00fcfplanung Aufbau von Qualit\u00e4tskennzahlen Fehlerdokumentation Betreuung von \u00c4nderungsverfahren, [&hellip;]<\/p>\n","protected":false},"author":1,"featured_media":0,"parent":0,"menu_order":0,"comment_status":"closed","ping_status":"closed","template":"","meta":{"footnotes":""},"class_list":["post-146","page","type-page","status-publish","hentry"],"aioseo_notices":[],"_links":{"self":[{"href":"https:\/\/produktqualifizierung.de\/fr\/wp-json\/wp\/v2\/pages\/146","targetHints":{"allow":["GET"]}}],"collection":[{"href":"https:\/\/produktqualifizierung.de\/fr\/wp-json\/wp\/v2\/pages"}],"about":[{"href":"https:\/\/produktqualifizierung.de\/fr\/wp-json\/wp\/v2\/types\/page"}],"author":[{"embeddable":true,"href":"https:\/\/produktqualifizierung.de\/fr\/wp-json\/wp\/v2\/users\/1"}],"replies":[{"embeddable":true,"href":"https:\/\/produktqualifizierung.de\/fr\/wp-json\/wp\/v2\/comments?post=146"}],"version-history":[{"count":11,"href":"https:\/\/produktqualifizierung.de\/fr\/wp-json\/wp\/v2\/pages\/146\/revisions"}],"predecessor-version":[{"id":408,"href":"https:\/\/produktqualifizierung.de\/fr\/wp-json\/wp\/v2\/pages\/146\/revisions\/408"}],"wp:attachment":[{"href":"https:\/\/produktqualifizierung.de\/fr\/wp-json\/wp\/v2\/media?parent=146"}],"curies":[{"name":"wp","href":"https:\/\/api.w.org\/{rel}","templated":true}]}}