{"id":169,"date":"2025-06-24T16:11:16","date_gmt":"2025-06-24T14:11:16","guid":{"rendered":"https:\/\/dev.fomedia.io\/produktqualifizierung\/?page_id=169"},"modified":"2026-02-10T13:12:13","modified_gmt":"2026-02-10T12:12:13","slug":"entreprise","status":"publish","type":"page","link":"https:\/\/produktqualifizierung.de\/fr\/unternehmen\/","title":{"rendered":"Entreprise"},"content":{"rendered":"<div data-elementor-type=\"wp-page\" data-elementor-id=\"169\" class=\"elementor elementor-169\" data-elementor-post-type=\"page\">\n\t\t\t\t<div class=\"elementor-element elementor-element-74edd189 e-flex e-con-boxed e-con e-parent\" data-id=\"74edd189\" data-element_type=\"container\" data-e-type=\"container\">\n\t\t\t\t\t<div class=\"e-con-inner\">\n\t\t<div class=\"elementor-element elementor-element-8352fd9 e-con-full section-1 e-flex e-con e-child\" data-id=\"8352fd9\" data-element_type=\"container\" data-e-type=\"container\">\n\t\t\t\t<div class=\"elementor-element elementor-element-67ac100a elementor-widget elementor-widget-text-editor\" data-id=\"67ac100a\" data-element_type=\"widget\" data-e-type=\"widget\" data-widget_type=\"text-editor.default\">\n\t\t\t\t<div class=\"elementor-widget-container\">\n\t\t\t\t\t\t\t\t\t<p>Nos collaborateurs disposent d'une longue exp\u00e9rience dans la planification et la r\u00e9alisation de projets de qualification les plus divers, par exemple dans le domaine de la technique nucl\u00e9aire et de la marine. Associ\u00e9es aux connaissances des diff\u00e9rents standards et normes de qualit\u00e9 ainsi qu'aux exigences accrues des secteurs les plus divers, elles vous permettent de confier vos produits et votre documentation \u00e0 des mains s\u00fbres. Nos qualifications garantissent une connaissance des normes les plus actuelles, des formations r\u00e9guli\u00e8res garantissent la qualit\u00e9 \u00e9lev\u00e9e des prestations.<\/p><p>Pour la r\u00e9alisation des s\u00e9quences de qualification pratiques, nous travaillons avec des laboratoires d'essai renomm\u00e9s et accr\u00e9dit\u00e9s par le DAkkS. Cela garantit \u00e0 nos clients que les tests sont effectu\u00e9s conform\u00e9ment aux normes par un personnel exp\u00e9riment\u00e9 utilisant exclusivement les techniques de test et de simulation les plus modernes. Des contacts \u00e9troits permettent une grande flexibilit\u00e9, y compris dans la coordination des d\u00e9lais. Bien entendu, les souhaits des clients sont \u00e9galement pris en compte.<\/p>\t\t\t\t\t\t\t\t<\/div>\n\t\t\t\t<\/div>\n\t\t\t\t<\/div>\n\t\t<div class=\"elementor-element elementor-element-b24964a e-con-full section-1 grey e-flex e-con e-child\" data-id=\"b24964a\" data-element_type=\"container\" data-e-type=\"container\">\n\t\t\t\t<div class=\"elementor-element elementor-element-b6c6869 elementor-widget elementor-widget-text-editor\" data-id=\"b6c6869\" data-element_type=\"widget\" data-e-type=\"widget\" data-widget_type=\"text-editor.default\">\n\t\t\t\t<div class=\"elementor-widget-container\">\n\t\t\t\t\t\t\t\t\t<h2>Qualit\u00e9 garantie<\/h2><p>Nous vous garantissons non seulement une qualit\u00e9 \u00e9lev\u00e9e, mais nous nous sommes \u00e9galement engag\u00e9s \u00e0 aligner notre structure d'entreprise et notre documentation sur les exigences de la norme de qualit\u00e9 DIN EN ISO 9001:2015 la plus r\u00e9cente.<\/p>\t\t\t\t\t\t\t\t<\/div>\n\t\t\t\t<\/div>\n\t\t\t\t<\/div>\n\t\t\t\t\t<\/div>\n\t\t\t\t<\/div>\n\t\t\t\t<\/div>","protected":false},"excerpt":{"rendered":"<p>Unsere Mitarbeiter bringen langj\u00e4hrige Erfahrung bei der Planung und Durchf\u00fchrung unterschiedlichster Qualifizierungsprojekte z.B. aus der Nukleartechnik und Marine mit. Verkn\u00fcpft mit den Kenntnissen der verschiedenen Standards und Qualit\u00e4tsnormen sowie der erh\u00f6hten Anforderungen unterschiedlichster Branchen, geben Sie Ihre Produkte und Dokumentationen in sichere H\u00e4nde. Unsere Qualifikationen gew\u00e4hrleisten aktuellste Normenkenntnisse, regelm\u00e4\u00dfige Schulungen garantieren die hohe Leistungsqualit\u00e4t. Bei [&hellip;]<\/p>\n","protected":false},"author":1,"featured_media":254,"parent":0,"menu_order":0,"comment_status":"closed","ping_status":"closed","template":"","meta":{"footnotes":""},"class_list":["post-169","page","type-page","status-publish","has-post-thumbnail","hentry"],"aioseo_notices":[],"_links":{"self":[{"href":"https:\/\/produktqualifizierung.de\/fr\/wp-json\/wp\/v2\/pages\/169","targetHints":{"allow":["GET"]}}],"collection":[{"href":"https:\/\/produktqualifizierung.de\/fr\/wp-json\/wp\/v2\/pages"}],"about":[{"href":"https:\/\/produktqualifizierung.de\/fr\/wp-json\/wp\/v2\/types\/page"}],"author":[{"embeddable":true,"href":"https:\/\/produktqualifizierung.de\/fr\/wp-json\/wp\/v2\/users\/1"}],"replies":[{"embeddable":true,"href":"https:\/\/produktqualifizierung.de\/fr\/wp-json\/wp\/v2\/comments?post=169"}],"version-history":[{"count":10,"href":"https:\/\/produktqualifizierung.de\/fr\/wp-json\/wp\/v2\/pages\/169\/revisions"}],"predecessor-version":[{"id":337,"href":"https:\/\/produktqualifizierung.de\/fr\/wp-json\/wp\/v2\/pages\/169\/revisions\/337"}],"wp:featuredmedia":[{"embeddable":true,"href":"https:\/\/produktqualifizierung.de\/fr\/wp-json\/wp\/v2\/media\/254"}],"wp:attachment":[{"href":"https:\/\/produktqualifizierung.de\/fr\/wp-json\/wp\/v2\/media?parent=169"}],"curies":[{"name":"wp","href":"https:\/\/api.w.org\/{rel}","templated":true}]}}