{"id":183,"date":"2025-06-25T08:56:40","date_gmt":"2025-06-25T06:56:40","guid":{"rendered":"https:\/\/dev.fomedia.io\/produktqualifizierung\/?page_id=183"},"modified":"2026-02-16T10:03:35","modified_gmt":"2026-02-16T09:03:35","slug":"carriere","status":"publish","type":"page","link":"https:\/\/produktqualifizierung.de\/fr\/karriere\/","title":{"rendered":"Carri\u00e8re"},"content":{"rendered":"<div data-elementor-type=\"wp-page\" data-elementor-id=\"183\" class=\"elementor elementor-183\" data-elementor-post-type=\"page\">\n\t\t\t\t<div class=\"elementor-element elementor-element-229c24b e-flex e-con-boxed e-con e-parent\" data-id=\"229c24b\" data-element_type=\"container\" data-e-type=\"container\">\n\t\t\t\t\t<div class=\"e-con-inner\">\n\t\t<div class=\"elementor-element elementor-element-4ca0ec63 e-con-full section-1 e-flex e-con e-child\" data-id=\"4ca0ec63\" data-element_type=\"container\" data-e-type=\"container\">\n\t\t\t\t<div class=\"elementor-element elementor-element-8555420 elementor-widget elementor-widget-text-editor\" data-id=\"8555420\" data-element_type=\"widget\" data-e-type=\"widget\" data-widget_type=\"text-editor.default\">\n\t\t\t\t<div class=\"elementor-widget-container\">\n\t\t\t\t\t\t\t\t\t<p>Nous permettons aux jeunes comme aux personnes exp\u00e9riment\u00e9es de mettre \u00e0 profit leurs comp\u00e9tences et leurs connaissances professionnelles et de les d\u00e9velopper de mani\u00e8re cibl\u00e9e. Rejoignez une \u00e9quipe jeune et dynamique et assumez des responsabilit\u00e9s au sein d'une entreprise en pleine croissance.<\/p>\t\t\t\t\t\t\t\t<\/div>\n\t\t\t\t<\/div>\n\t\t\t\t<\/div>\n\t\t<div class=\"elementor-element elementor-element-224ba75 e-con-full section-1 grey e-flex e-con e-child\" data-id=\"224ba75\" data-element_type=\"container\" data-e-type=\"container\">\n\t\t\t\t<div class=\"elementor-element elementor-element-651058e elementor-widget elementor-widget-text-editor\" data-id=\"651058e\" data-element_type=\"widget\" data-e-type=\"widget\" data-widget_type=\"text-editor.default\">\n\t\t\t\t<div class=\"elementor-widget-container\">\n\t\t\t\t\t\t\t\t\t<h2>Postes \u00e0 pourvoir<\/h2><p><a href=\"https:\/\/eks-business-partner.de\/stellenangebot\/qualifizierungstechniker-ingenieur-m-w-d-91093-hessdorf\/413ffc80-edfb-4b8d-8c52-0ea1cbe68145\/\" target=\"_blank\" rel=\"noopener\">Qualifizierungstechniker\/-ingenieur (m\/w\/d)<\/a><\/p>\t\t\t\t\t\t\t\t<\/div>\n\t\t\t\t<\/div>\n\t\t\t\t<\/div>\n\t\t<div class=\"elementor-element elementor-element-ce1d09a e-con-full section-1 e-flex e-con e-child\" data-id=\"ce1d09a\" data-element_type=\"container\" data-e-type=\"container\">\n\t\t\t\t<div class=\"elementor-element elementor-element-f416e08 elementor-widget elementor-widget-text-editor\" data-id=\"f416e08\" data-element_type=\"widget\" data-e-type=\"widget\" data-widget_type=\"text-editor.default\">\n\t\t\t\t<div class=\"elementor-widget-container\">\n\t\t\t\t\t\t\t\t\t<h2>Candidatures spontan\u00e9es<\/h2><p>Veuillez adresser vos candidatures spontan\u00e9es \u00e0 <a href=\"mailto:bewerbung@eks-fb.de\">bewerbung@eks-fb.de<\/a>.<\/p>\t\t\t\t\t\t\t\t<\/div>\n\t\t\t\t<\/div>\n\t\t\t\t<\/div>\n\t\t\t\t\t<\/div>\n\t\t\t\t<\/div>\n\t\t\t\t<\/div>","protected":false},"excerpt":{"rendered":"<p>Sowohl jungen als auch berufserfahrenen Menschen erm\u00f6glichen wir es, ihre F\u00e4higkeiten und ihr Fachwissen gezielt einzubringen und weiterzuentwickeln. Werden Sie Teil eines jungen, dynamischen Teams und \u00fcbernehmen Sie eigenverantwortlich Aufgabengebiete in einem wachsenden Unternehmen. Offene Stellen Qualifizierungstechniker\/-ingenieur (m\/w\/d) Initiativbewerbungen Initiativbewerbungen richten Sie bitte an bewerbung@eks-fb.de.<\/p>","protected":false},"author":1,"featured_media":0,"parent":0,"menu_order":0,"comment_status":"closed","ping_status":"closed","template":"","meta":{"footnotes":""},"class_list":["post-183","page","type-page","status-publish","hentry"],"aioseo_notices":[],"_links":{"self":[{"href":"https:\/\/produktqualifizierung.de\/fr\/wp-json\/wp\/v2\/pages\/183","targetHints":{"allow":["GET"]}}],"collection":[{"href":"https:\/\/produktqualifizierung.de\/fr\/wp-json\/wp\/v2\/pages"}],"about":[{"href":"https:\/\/produktqualifizierung.de\/fr\/wp-json\/wp\/v2\/types\/page"}],"author":[{"embeddable":true,"href":"https:\/\/produktqualifizierung.de\/fr\/wp-json\/wp\/v2\/users\/1"}],"replies":[{"embeddable":true,"href":"https:\/\/produktqualifizierung.de\/fr\/wp-json\/wp\/v2\/comments?post=183"}],"version-history":[{"count":19,"href":"https:\/\/produktqualifizierung.de\/fr\/wp-json\/wp\/v2\/pages\/183\/revisions"}],"predecessor-version":[{"id":1423,"href":"https:\/\/produktqualifizierung.de\/fr\/wp-json\/wp\/v2\/pages\/183\/revisions\/1423"}],"wp:attachment":[{"href":"https:\/\/produktqualifizierung.de\/fr\/wp-json\/wp\/v2\/media?parent=183"}],"curies":[{"name":"wp","href":"https:\/\/api.w.org\/{rel}","templated":true}]}}